{"id":246,"date":"2013-03-05T15:19:45","date_gmt":"2013-03-05T15:19:45","guid":{"rendered":"http:\/\/themes.grandpixels.com\/muse\/?page_id=246"},"modified":"2025-09-01T19:11:29","modified_gmt":"2025-09-01T17:11:29","slug":"contact","status":"publish","type":"page","link":"https:\/\/www.mouvementssurlaville.com\/fr\/contact\/","title":{"rendered":"Infos pratiques"},"content":{"rendered":"<h3><\/h3>\n<h2 data-start=\"106\" data-end=\"139\"><strong data-start=\"106\" data-end=\"137\">Billetterie et r\u00e9servations<\/strong><\/h2>\n<p data-start=\"141\" data-end=\"288\">Cette ann\u00e9e, vous pouvez acheter vos billets directement sur notre site. Chaque page de spectacle comporte un onglet <strong data-start=\"258\" data-end=\"285\">\u00ab Acheter vos billets \u00bb<\/strong>.<\/p>\n<p data-start=\"290\" data-end=\"366\">\u26a0\ufe0f <strong data-start=\"293\" data-end=\"322\">R\u00e9servation indispensable<\/strong> : certaines salles ont une jauge limit\u00e9e.<\/p>\n<p data-start=\"368\" data-end=\"485\"><strong data-start=\"368\" data-end=\"383\">Important :<\/strong> ne r\u00e9servez pas directement sur les lieux du festival, qui sont ind\u00e9pendants de notre organisation.<\/p>\n<h3 data-start=\"487\" data-end=\"518\">Deux fa\u00e7ons de r\u00e9server :<\/h3>\n<ol data-start=\"519\" data-end=\"800\">\n<li data-start=\"519\" data-end=\"574\">\n<p data-start=\"522\" data-end=\"574\"><strong data-start=\"522\" data-end=\"534\">En ligne<\/strong> : achetez vos billets sur notre site.<\/p>\n<\/li>\n<li data-start=\"575\" data-end=\"800\">\n<p data-start=\"578\" data-end=\"683\"><strong data-start=\"578\" data-end=\"590\">Par mail<\/strong> : envoyez un message \u00e0 <strong data-start=\"614\" data-end=\"647\"><a class=\"decorated-link cursor-pointer\" rel=\"noopener\" data-start=\"616\" data-end=\"645\">resa@mouvementssurlaville.org<\/a><\/strong><strong>Note<\/strong> : Nous ne prenons pas la carte bancaire sur place. Si vous payez sur place, pr\u00e9voyez des esp\u00e8ces. Pour les spectacles dans l\u2019espace public, la r\u00e9servation reste \u00e9galement n\u00e9cessaire.<\/p>\n<h3 data-start=\"890\" data-end=\"962\">Se d\u00e9placer sur les lieux du festival : pensez \u00e0 l\u2019environnement !<\/h3>\n<ul data-start=\"963\" data-end=\"1090\">\n<li data-start=\"963\" data-end=\"998\">\n<p data-start=\"965\" data-end=\"998\">Privil\u00e9giez la marche \u00e0 pied \ud83d\udeb6<\/p>\n<\/li>\n<li data-start=\"999\" data-end=\"1018\">\n<p data-start=\"1001\" data-end=\"1018\">Osez le v\u00e9lo \ud83d\udeb2<\/p>\n<\/li>\n<li data-start=\"1019\" data-end=\"1059\">\n<p data-start=\"1021\" data-end=\"1059\">Utilisez les transports en commun \ud83d\ude8c<\/p>\n<\/li>\n<li data-start=\"1060\" data-end=\"1090\">\n<p data-start=\"1062\" data-end=\"1090\">Partagez votre v\u00e9hicule \ud83d\ude97<\/p>\n<\/li>\n<\/ul>\n<\/li>\n<\/ol>\n<h3><\/h3>\n<h2>Les lieux<\/h2>\n<div class=\"page\" title=\"Page 9\">\n<div class=\"section\">\n<div class=\"layoutArea\">\n<div class=\"column\">\n<h3><strong>Po\u0302le de de\u0301veloppement chore\u0301graphique Mosson \/ Montpellier<\/strong><strong><br \/>\n<\/strong><\/h3>\n<p>Espace Bernard Glandier<br \/>\n155 Rue de Bologne, 34080 Montpellier<br \/>\n<b class=\"\">En Bus<\/b> L\u00b019 : Arr\u00eat \u00ab\u00a0Les Halles de La Paillade \u00bb<br \/>\n<b class=\"\">En Tramway<\/b>\u00a0ligne 1 : Station \u00ab\u00a0Les Halles de La Paillade\u00a0\u00bb<\/p>\n<h3><strong>Halle Tropisme<br \/>\n<\/strong><\/h3>\n<p>121 Rue Fontcouverte, 34000 Montpellie<b class=\"\">r<br \/>\n<\/b><b class=\"\">En Bus<\/b><strong class=\"\">\u00a0<\/strong>L\u00b011 \u00ab\u00a0Arr\u00eat Mas de Merle\u00a0\u00bb ou \u00ab\u00a0Gouara\u00a0\u00bb<\/p>\n<\/div>\n<\/div>\n<\/div>\n<\/div>\n<h3><strong>Th\u00e9\u00e2tre La Vista &#8211; La Chapelle<br \/>\n<\/strong><\/h3>\n<p><span style=\"color: #000000;\">170 Rue Joachim du Bellay, 34070 Montpellier<br \/>\n<\/span><b class=\"\">En Bus<\/b>\u00a0 L\u00b011 arr\u00eats \u00ab\u00a0Mas de Merle\u00a0\u00bb ou \u00ab\u00a0Etoile\u00a0\u00bb<br \/>\n<b class=\"\">En Tramway<\/b> ligne 3 Station \u00ab\u00a0Arceaux\u00a0\u00bb<\/p>\n<h3><strong>Studio Bagouet \/ <\/strong>Agora, cit\u00e9 internationale de la danse<\/h3>\n<p>18 rue Sainte-Ursule<br \/>\n34000 Montpellier<br \/>\n<b class=\"\">En Tramway<\/b> les lignes 1 et 4, arr\u00eat \u00ab\u00a0Louis Blanc\u00a0\u00bb.<\/p>\n<h3><strong><strong class=\"\">Art FabriK<br \/>\n<\/strong><\/strong><\/h3>\n<p>910 Mas de Gentil, 34980 Combaillaux<br \/>\nOsez le V\u00e9lo, ou privil\u00e9giez le covoiturage pour vous rendre sur ce site merveilleux&#8230; \ud83d\ude42<\/p>\n<p>Pensez au <strong>Pass gratuit\u00e9 <\/strong><a href=\"https:\/\/www.tam-voyages.com\/presentation\/?rub_code=72&amp;thm_id=1538&amp;gpl_id=&amp;part_id=\" target=\"_blank\" rel=\"noopener\"><strong>TaM<\/strong><\/a> pour les habitant\u00b7es de la M\u00e9tropole.<\/p>\n<style type=\"&lt;a&gt;text\/css&lt;\/a&gt;\"><!--       html, body, #mapDiv {         height: 100%;         margin: 0;         padding: 0;       } --><\/style>\n<p><script type=\"mce-text\/javascript\" src=\"&lt;a href=\" data-mce-src=\"&lt;a href=\">\/\/ <![CDATA[\nhttps:\/\/maps.googleapis.com\/maps\/api\/js?client=google-maps-embed&#038;paint_origin=&#038;libraries=geometry,search&#038;v=3.exp&#038;language=fr&#038;region=fr<\/a>\">\n\/\/ ]]><\/script><script type=\"mce-text\/javascript\" src=\"&lt;a href=\" data-mce-src=\"&lt;a href=\">\/\/ <![CDATA[\nhttps:\/\/maps.gstatic.com\/maps-api-v3\/embed\/js\/24\/11\/intl\/fr_ALL\/init_embed.js<\/a>\">\n\/\/ ]]><\/script><script type=\"mce-text\/javascript\">\/\/ <![CDATA[       initEmbed([null,null,null,null,[\"7EY-1azlP32JcZCvNARjjw\",\"markalan.cusack@gmail.com\",null,\"Mark\",\"https:\/\/plus.google.com\/117993842493892939493?socpid=247\\u0026socfid=maps_embed:logincontrol\",\"Mark Cusack\",\"AO3-rN8diAU2lNHptoZkHqTdAAHPur4wAg:1463063731349\"],[[[2,\"spotlight\",null,[[\"gid\",\"OSfFokuQSMdKmRy6WFL6WA\"]],null,null,null,[[null,null,null,null,null,null,null,null,null,null,null,[null,null,null,null,null,null,null,null,null,null,null,null,null,null,null,null,null,null,null,3]],[\"0x0:0x99124fc5cf89e7a3\",\"Gazette caf\u00e9\",null,[null,null,43.6046858,3.8783593],0],null,null,null,null,null,null,null,null,11,null,[null,null,null,null,null,null,null,null,null,null,null,null,null,1],null,null,null,null,null,[14]]]],[[52,[[\"entity_class\",\"0\"]]]]],null,[\"fr\",\"fr\"],[null,\"\/maps\/api\/js\/ApplicationService.UpdateStarring\",\"\/\/accounts.google.com\/ServiceLogin?continue=https:\/\/www.google.com\/maps\/api\/js\/ApplicationService.AuthSuccess\",\"\/maps\/api\/js\/ApplicationService.GetEntityDetails\",\"\/maps\/embed\/upgrade204\",null,\"\/maps\/embed\/record204\",\"\/maps\/api\/js\/ApplicationService.Search\",\"\/maps\/api\/js\/ApplicationService.SendToDevice\"],null,null,null,null,null,null,null,null,\"s5Q0V5DCFqW26ASIqK-YCQ\",null,null,null,[[[11556.35651516538,3.8783593,43.6046858],null,null,13.10000038146973],null,0,[[\"0x12b6afa433137a65:0x99124fc5cf89e7a3\",\"Gazette caf\u00e9, 6 Rue Levat, 34000 Montpellier\",[43.6046858,3.8783593],\"11029966148392839075\"],\"Gazette caf\u00e9\",[\"6 Rue Levat\",\"34000 Montpellier\"],null,\"2 avis\",\"http:\/\/www.google.fr\/search?q=Gazette+caf%C3%A9,+6+Rue+Levat,+34000+Montpellier\\u0026ludocid=11029966148392839075#lrd=0x12b6afa433137a65:0x99124fc5cf89e7a3,1\",1,\"04 67 59 07 59\",null,[null,[[\"jeudi\",[\"10:00\u201301:00\"],null,null,\"2016-05-12\",1],[\"vendredi\",[\"10:00\u201301:00\"],null,null,\"2016-05-13\",1],[\"samedi\",[\"10:00\u201301:00\"],null,null,\"2016-05-14\",1],[\"dimanche\",[\"Ferm\u00e9\"],null,null,\"2016-05-15\",2],[\"lundi\",[\"11:00\u201315:00\"],null,[\"Lundi de Pentec\u00f4te\",0],\"2016-05-16\",1],[\"mardi\",[\"10:00\u201301:00\"],null,null,\"2016-05-17\",1],[\"mercredi\",[\"10:00\u201301:00\"],null,null,\"2016-05-18\",1]],null,null,[[\"jeudi\",[\"10:00\u201301:00\"],null,null,\"2016-05-12\",1],1,1,0,\"Ouvert jusqu'\u00e0 01:00\"],null,[\"jeudi\",[\"10:00\u201301:00\"],null,null,\"2016-05-12\",1],2],null,[\"http:\/\/gazettecafe.fr\/\",\"gazettecafe.fr\",null,null,\"1,AFQjCNE9uO1hB3RzR9XFurvlLX8koh0b-Q,7hbYJfPkWeAi-OFHtfy9cw,0ahUKEwjQ5_eP4dTMAhUlG5oKHQjUC5MQ61gICCgEMAA,,\"],\"Restaurant\",\"6 Rue Levat, 34000 Montpellier\",null,null,null,null,null,[\"http:\/\/www.google.fr\/search?q=Gazette+caf%C3%A9,+6+Rue+Levat,+34000+Montpellier\\u0026ludocid=11029966148392839075#lrd=0x12b6afa433137a65:0x99124fc5cf89e7a3,1\",\"2 avis\",null,\"Cette brasserie bio \u00e0 vocation culturelle et artistique organise rencontres, soir\u00e9es musicales et animations.\",1,null,null,1],null,null,null,1,null,null,null,\"ChIJZXoTM6SvthIRo-eJz8VPEpk\"]],null,null,[null,null,null,null,null,null,null,null,null,[0,0],null,[0]],0]); \/\/ ]]><\/script><\/p>\n<pre><\/pre>\n<p><\/p>","protected":false},"excerpt":{"rendered":"<p>Billetterie et r\u00e9servations<\/p>\n<p data-start=\"141\" data-end=\"288\">Cette ann\u00e9e, vous pouvez acheter vos billets directement sur notre site. Chaque page de spectacle comporte un onglet \u00ab Acheter vos billets \u00bb.<\/p>\n<p data-start=\"290\" data-end=\"366\">\u26a0\ufe0f R\u00e9servation &#8230;<\/p>\n","protected":false},"author":1,"featured_media":0,"parent":0,"menu_order":5,"comment_status":"open","ping_status":"open","template":"template-full.php","meta":[],"aioseo_notices":[],"_links":{"self":[{"href":"https:\/\/www.mouvementssurlaville.com\/fr\/wp-json\/wp\/v2\/pages\/246"}],"collection":[{"href":"https:\/\/www.mouvementssurlaville.com\/fr\/wp-json\/wp\/v2\/pages"}],"about":[{"href":"https:\/\/www.mouvementssurlaville.com\/fr\/wp-json\/wp\/v2\/types\/page"}],"author":[{"embeddable":true,"href":"https:\/\/www.mouvementssurlaville.com\/fr\/wp-json\/wp\/v2\/users\/1"}],"replies":[{"embeddable":true,"href":"https:\/\/www.mouvementssurlaville.com\/fr\/wp-json\/wp\/v2\/comments?post=246"}],"version-history":[{"count":87,"href":"https:\/\/www.mouvementssurlaville.com\/fr\/wp-json\/wp\/v2\/pages\/246\/revisions"}],"predecessor-version":[{"id":4512,"href":"https:\/\/www.mouvementssurlaville.com\/fr\/wp-json\/wp\/v2\/pages\/246\/revisions\/4512"}],"wp:attachment":[{"href":"https:\/\/www.mouvementssurlaville.com\/fr\/wp-json\/wp\/v2\/media?parent=246"}],"curies":[{"name":"wp","href":"https:\/\/api.w.org\/{rel}","templated":true}]}}