{"id":1064,"date":"2023-02-09T09:00:55","date_gmt":"2023-02-09T07:00:55","guid":{"rendered":"http:\/\/themes.grandpixels.com\/muse\/?page_id=1064"},"modified":"2025-09-18T18:50:05","modified_gmt":"2025-09-18T16:50:05","slug":"a-propos","status":"publish","type":"page","link":"https:\/\/www.mouvementssurlaville.com\/en\/a-propos\/","title":{"rendered":"About"},"content":{"rendered":"<div><\/div>\n<div>\n<h2 align=\"center\">Le festival Mouvements sur la ville<\/h2>\n<p style=\"text-align: justify;\" align=\"center\">Le Festival Mouvement sur la ville est n\u00e9 en 2008, \u00e0 l&#8217;initiative de trois compagnies conventionn\u00e9es qui choisissent de mettre leurs forces en commun et de soutenir la diffusion chor\u00e9graphique, \u00e0 rebours des pratiques et des attentes! L&#8217;objectif, soutenir et diffuser au maximum les compagnies \u00e9mergentes, laisser une chance \u00e0 la jeune cr\u00e9ation, de mettre un focus sur des cr\u00e9ation d&#8217;artistes au parcours av\u00e9r\u00e9. Et retrouver un public!<\/p>\n<p style=\"text-align: justify;\">De nombreux artistes et cr\u00e9ations ont \u00e9t\u00e9 accueillis dans nos studios et dans la ville. Spectateurs et professionnels fid\u00e9lis\u00e9s d\u2019ann\u00e9e en ann\u00e9e sont venus d\u00e9couvrir des programmations toujours exigeantes. En 2013, devant la n\u00e9cessit\u00e9 et l\u2019envie de continuer \u00e0 partager la qualit\u00e9 de la danse qui nous anime, nous cr\u00e9ons une l\u2019association Mouvements sur la ville.<br \/>\nDe nouveaux lieux sont investis dans la ville, des partenariats tiss\u00e9s sur la dur\u00e9e, et l\u2019espace public r\u00e9guli\u00e8rement irrigu\u00e9. Dix ans plus tard, nous regardons le travail accompli, et conscients plus que jamais des difficult\u00e9s grandissantes de compagnies de danse, nous nous projetons vers de nouvelles perspectives, pr\u00eats \u00e0 questionner, modifier, am\u00e9liorer le fonctionnement de notre festival.<br \/>\nCette ann\u00e9e encore, une programmation de qualit\u00e9 portera un regard curieux et ouvert sur la cr\u00e9ation, dans l\u2019espace public, dans l\u2019intimit\u00e9 de nos studios, ou d\u00e9ploy\u00e9e sur l\u2019espace des plateaux.<\/p>\n<p style=\"text-align: justify;\">D&#8217;ann\u00e9e en ann\u00e9e nos objectif restent les m\u00eames. En 2025, nous mettrons l\u2019accent une nouvelle fois su<\/p>\n<p style=\"text-align: justify;\">&#8211;\u00a0 L\u2019exigence artistique comme crit\u00e8re de s\u00e9lection de la diversit\u00e9 des formes chor\u00e9graphiques. Notre programmation est r\u00e9gionale, nationale et internationale<\/p>\n<p style=\"text-align: justify;\">&#8211; Le rep\u00e9rage et la diffusion des compagnies \u00e9mergentes. L\u2019un de nos points d\u2019ancrage, est de diffuser les compagnies \u00e9mergentes, qui n\u2019ont pas acc\u00e8s aux grands festivals, ou aux programmations saisonni\u00e8res des th\u00e9\u00e2tres et institutions danse. Ces compagnies \u00e9mergentes peuvent ainsi \u00e9prouver leur travail face au public et aux professionnels exigeants de Montpellier, en lien avec le travail de rep\u00e9rage que nous maintenons tout au long de l\u2019ann\u00e9e.<br \/>\nNous veillons \u00e0 ce que ces compagnies soient diffus\u00e9es avec des compagnies, chor\u00e9graphes, reconnu-es nationalement et internationalement. Croiser leur chemin est indispensable.<\/p>\n<p>&#8211; L\u2019\u00e9galit\u00e9 Homme Femme \u00e0 l\u2019int\u00e9rieur de la programmation est au coeur de nos pr\u00e9occupations, nous essayons toujours de tendre vers une \u00e9galit\u00e9, dans le nombre de projets chor\u00e9graphi\u00e9s par des femmes ou des hommes.<\/p>\n<p style=\"text-align: justify;\">&#8211; Des formations envers les professionnels ou futurs professionnels de la danse.\u00a0 En lien avec Art Fabrik, nous proposons des Master Class avec les artistes invit\u00e9s sur notre festival.<\/p>\n<\/div>\n<p><\/p>\n<h2>MOUVEMENTS SUR LA VILLE<\/h2>\n<p><div class=\"shortcode one-half\"><img decoding=\"async\" style=\"line-height: 1.5em;\" src=\"http:\/\/www.hors-commerce.com\/Mouvements-sur-la-Ville\/Mouvements-sur-la-ville2014-entier.jpg\" alt=\"\" \/><\/div><div class=\"shortcode one-half last\"><\/p>\n<h5>Yann Lheureux et Didier Th\u00e9ron, chor\u00e9graphes, Sonia Marrec, directrice de production mettent leurs \u00e9nergies en commun \u00e0 la disposition d\u2019artistes qu\u2019ils vous invitent \u00e0 d\u00e9couvrir d\u00e8s le 3 d\u00e9cembre 2025 \u00e0 Montpellier.<\/h5>\n<p>.<\/p>\n<h5><span style=\"font-size: 14px; line-height: 1.5em;\"><\/div> <\/span><a style=\"font-size: 14px; line-height: 1.5em;\" href=\"http:\/\/www.mouvementssurlaville.com\/wp-content\/uploads\/2013\/03\/rendu-test.pdf\">rendu test<\/a><\/h5>\n<p><\/p>","protected":false},"excerpt":{"rendered":"<p>Le festival Mouvements sur la ville<\/p>\n<p style=\"text-align: justify;\" align=\"center\">Le Festival Mouvement sur la ville est n\u00e9 en 2008, \u00e0 l&#8217;initiative de trois compagnies conventionn\u00e9es qui choisissent de mettre leurs forces &#8230;<\/p>\n","protected":false},"author":1,"featured_media":3866,"parent":0,"menu_order":1,"comment_status":"closed","ping_status":"closed","template":"","meta":[],"aioseo_notices":[],"_links":{"self":[{"href":"https:\/\/www.mouvementssurlaville.com\/en\/wp-json\/wp\/v2\/pages\/1064"}],"collection":[{"href":"https:\/\/www.mouvementssurlaville.com\/en\/wp-json\/wp\/v2\/pages"}],"about":[{"href":"https:\/\/www.mouvementssurlaville.com\/en\/wp-json\/wp\/v2\/types\/page"}],"author":[{"embeddable":true,"href":"https:\/\/www.mouvementssurlaville.com\/en\/wp-json\/wp\/v2\/users\/1"}],"replies":[{"embeddable":true,"href":"https:\/\/www.mouvementssurlaville.com\/en\/wp-json\/wp\/v2\/comments?post=1064"}],"version-history":[{"count":80,"href":"https:\/\/www.mouvementssurlaville.com\/en\/wp-json\/wp\/v2\/pages\/1064\/revisions"}],"predecessor-version":[{"id":4529,"href":"https:\/\/www.mouvementssurlaville.com\/en\/wp-json\/wp\/v2\/pages\/1064\/revisions\/4529"}],"wp:featuredmedia":[{"embeddable":true,"href":"https:\/\/www.mouvementssurlaville.com\/en\/wp-json\/wp\/v2\/media\/3866"}],"wp:attachment":[{"href":"https:\/\/www.mouvementssurlaville.com\/en\/wp-json\/wp\/v2\/media?parent=1064"}],"curies":[{"name":"wp","href":"https:\/\/api.w.org\/{rel}","templated":true}]}}